{"id":245,"date":"2020-10-31T17:42:22","date_gmt":"2020-10-31T17:42:22","guid":{"rendered":"http:\/\/silke-stamer.com\/?page_id=245"},"modified":"2020-10-31T21:24:15","modified_gmt":"2020-10-31T21:24:15","slug":"leistungen","status":"publish","type":"page","link":"https:\/\/silke-stamer.com\/es\/leistungen\/","title":{"rendered":"Servicios"},"content":{"rendered":"<p><img loading=\"lazy\" decoding=\"async\" class=\"size-full wp-image-162 alignnone\" src=\"http:\/\/silke-stamer.com\/wp-content\/uploads\/2016\/11\/oie_transparent-4.png\" alt=\"oie_transparent-4\" width=\"200\" height=\"200\" srcset=\"https:\/\/silke-stamer.com\/wp-content\/uploads\/2016\/11\/oie_transparent-4.png 200w, https:\/\/silke-stamer.com\/wp-content\/uploads\/2016\/11\/oie_transparent-4-150x150.png 150w\" sizes=\"(max-width: 200px) 100vw, 200px\" \/><\/p>\n<p><strong>Traducciones especializadas<\/strong><br \/>Para garantizar una alta cualidad ling\u00fcis\u00edstica de mis traducciones en los textos generales y especializadas, trabajo fiel al principio del nativo, es decir que traduzco del espa\u00f1ol al alem\u00e1n, que es mi lengua materna. Solo en casaos excepcionales traduzco del alem\u00e1n al espa\u00f1ol.<\/p>\n<p>Ofrezco traducciones de las siguientes especialidades:<\/p>\n<ul>\n<li>medicina y medicina veterinaria<\/li>\n<li>sector agrario y alimentario<\/li>\n<li>sector tur\u00edstico y gastron\u00f3mico<\/li>\n<li>econom\u00eda y marketing<\/li>\n<\/ul>\n<p><strong>Traducciones juradas<\/strong><br \/>Como traductora jurada para el espa\u00f1ol estoy autorizada para traducir y compulsar sus documentos, certificados etc. El punto clave de las traducciones certificadas son la exactitud y la integridad de la traducci\u00f3n. En este campo tambi\u00e9n suelo traducir principalmente del espa\u00f1ol al alem\u00e1n y solo en casos particulares del alem\u00e1n al espa\u00f1ol.<\/p>\n<p><strong>Revisi\u00f3n de textos\/Proofreading<\/strong><br \/>Corrijo sus textos respecto a la ortograf\u00eda, gram\u00e1tica, puntuaci\u00f3n y el estilo. Me encargo de textos traducidos al alem\u00e1n o de extos escritos por no nativos.<\/p>\n<p><strong>Precios<\/strong><br \/>Calculo el precio de las traducciones generales, especializadas y de las revisiones por palabra del texto de origen. Por las caracter\u00edsticas individuales de cada texto es imposible dar un precio fijo. El precio depende del tipo de texto, de su complejidad, de la urgencia del encargo y del formato de archivo.\nEl precio de las traducciones juradas se calculan por linea del texto de origen (55 caracteres, incluyendo espacios). Seg\u00fan el JVEG (Ley alemana de remuneraci\u00f3n e indemnizaci\u00f3n judicial). El precio es de 1,55\u20ac por l\u00ednea.<\/p>\n<p>Elaboro un presupuesto personalizado y sin compromiso si me env\u00eda su texto o un extracto del mismo por correo electr\u00f3nico.<\/p>","protected":false},"excerpt":{"rendered":"<p>FACH\u00dcBERSETZUNGENUm sprachlich eine optimale Qualit\u00e4t zu garantieren \u00fcbersetze ich bei allgemeinsprachlichen Texten und Fachtexten nach dem sogenannten Muttersprachler-Prinzip in meine Muttersprache Deutsch. Nur in Ausnahmef\u00e4llen \u00fcbersetze ich auch ins Spanische. Neben allgemeinsprachlichen Texten \u00fcbersetze ich auch aus den folgenden Fachgebieten: Medizin und Veterin\u00e4rmedizin Agrar- und Lebensmittelbranche Tourismus und Gastronomie Wirtschaft\u2026<\/p>\n<p class=\"continue-reading-button\"> <a class=\"continue-reading-link\" href=\"https:\/\/silke-stamer.com\/es\/leistungen\/\">Continue reading<i class=\"crycon-right-dir\"><\/i><\/a><\/p>","protected":false},"author":1,"featured_media":0,"parent":0,"menu_order":0,"comment_status":"closed","ping_status":"closed","template":"","meta":{"footnotes":""},"_links":{"self":[{"href":"https:\/\/silke-stamer.com\/es\/wp-json\/wp\/v2\/pages\/245"}],"collection":[{"href":"https:\/\/silke-stamer.com\/es\/wp-json\/wp\/v2\/pages"}],"about":[{"href":"https:\/\/silke-stamer.com\/es\/wp-json\/wp\/v2\/types\/page"}],"author":[{"embeddable":true,"href":"https:\/\/silke-stamer.com\/es\/wp-json\/wp\/v2\/users\/1"}],"replies":[{"embeddable":true,"href":"https:\/\/silke-stamer.com\/es\/wp-json\/wp\/v2\/comments?post=245"}],"version-history":[{"count":2,"href":"https:\/\/silke-stamer.com\/es\/wp-json\/wp\/v2\/pages\/245\/revisions"}],"predecessor-version":[{"id":268,"href":"https:\/\/silke-stamer.com\/es\/wp-json\/wp\/v2\/pages\/245\/revisions\/268"}],"wp:attachment":[{"href":"https:\/\/silke-stamer.com\/es\/wp-json\/wp\/v2\/media?parent=245"}],"curies":[{"name":"wp","href":"https:\/\/api.w.org\/{rel}","templated":true}]}}