{"id":240,"date":"2020-10-31T17:27:40","date_gmt":"2020-10-31T17:27:40","guid":{"rendered":"http:\/\/silke-stamer.com\/?page_id=240"},"modified":"2020-10-31T19:32:26","modified_gmt":"2020-10-31T19:32:26","slug":"profil","status":"publish","type":"page","link":"https:\/\/silke-stamer.com\/es\/","title":{"rendered":"Perfil"},"content":{"rendered":"<p class=\"has-text-align-left\"><img loading=\"lazy\" decoding=\"async\" width=\"200\" height=\"240\" class=\"wp-image-78\" style=\"width: 150px;\" src=\"http:\/\/silke-stamer.com\/wp-content\/uploads\/2016\/04\/Silke-01.jpg\" alt=\"\" srcset=\"https:\/\/silke-stamer.com\/wp-content\/uploads\/2016\/04\/Silke-01.jpg 200w, https:\/\/silke-stamer.com\/wp-content\/uploads\/2016\/04\/Silke-01-125x150.jpg 125w\" sizes=\"(max-width: 200px) 100vw, 200px\" \/><\/p>\n\n\n\n<p>Soy licenciada de medicina veterinaria y he trabajado en la investigaci\u00f3n en el \u00e1mbito de la inmunolog\u00eda y de la virolog\u00eda. Adem\u00e1s he trabajado para la salud p\u00fablica alemana en el sector de la seguridad alimentaria. Despu\u00e9s de mudarme a Espa\u00f1a en el a\u00f1o 2010 decid\u00ed ampliar mi horizonte y abrirme nuevas oportunidades, emprendiendo los estudios de traducci\u00f3n. He acabado los estudios con el t\u00edtulo de \u201etraductora oficialmente acreditada\u201c (con la especialidad de la lengua econ\u00f3mica) y trabajo como traductora independiente.<\/p>\n<p>He aprovechado mi estancia en Espa\u00f1a para perfeccionar mi espa\u00f1ol y para entrar en un estrecho contacto con la cultura espa\u00f1ola. En mi trabajo como traductora me veo beneficiada de eso al igual que de mis conocimientos profundos del \u00e1mbito de la medicina y de las ciencias naturales. As\u00ed puedo fusionar mis campos de inter\u00e9s.<\/p>\n<p>Soy traductora jurada para el espa\u00f1ol en el tribunal regional de Tubinga, adem\u00e1s soy miembro de la asociaci\u00f3n alemana de int\u00e9rpretes y traductores (Bundesverband der Dolmetscher und \u00dcbersetzer e.V., BD\u00dc) y de Asetrad (Asociaci\u00f3n Espa\u00f1ola de Traductores, Correctores e Int\u00e9rpretes).<\/p>","protected":false},"excerpt":{"rendered":"<p>Ich bin promovierte Tier\u00e4rztin und habe in der Forschung in den Fachgebieten Immunologie und Virologie sowie im Bereich der Lebensmittelsicherheit gearbeitet. Nach meinem Umzug nach Spanien im Jahr 2010 habe ich beschlossen meinen Horizont &#8211; und meine M\u00f6glichkeiten &#8211; durch ein Studium zur \u00dcbersetzerin zu erweitern. Ich habe das Studium\u2026<\/p>\n<p class=\"continue-reading-button\"> <a class=\"continue-reading-link\" href=\"https:\/\/silke-stamer.com\/es\/\">Continue reading<i class=\"crycon-right-dir\"><\/i><\/a><\/p>","protected":false},"author":1,"featured_media":0,"parent":0,"menu_order":0,"comment_status":"closed","ping_status":"closed","template":"","meta":{"footnotes":""},"_links":{"self":[{"href":"https:\/\/silke-stamer.com\/es\/wp-json\/wp\/v2\/pages\/240"}],"collection":[{"href":"https:\/\/silke-stamer.com\/es\/wp-json\/wp\/v2\/pages"}],"about":[{"href":"https:\/\/silke-stamer.com\/es\/wp-json\/wp\/v2\/types\/page"}],"author":[{"embeddable":true,"href":"https:\/\/silke-stamer.com\/es\/wp-json\/wp\/v2\/users\/1"}],"replies":[{"embeddable":true,"href":"https:\/\/silke-stamer.com\/es\/wp-json\/wp\/v2\/comments?post=240"}],"version-history":[{"count":6,"href":"https:\/\/silke-stamer.com\/es\/wp-json\/wp\/v2\/pages\/240\/revisions"}],"predecessor-version":[{"id":267,"href":"https:\/\/silke-stamer.com\/es\/wp-json\/wp\/v2\/pages\/240\/revisions\/267"}],"wp:attachment":[{"href":"https:\/\/silke-stamer.com\/es\/wp-json\/wp\/v2\/media?parent=240"}],"curies":[{"name":"wp","href":"https:\/\/api.w.org\/{rel}","templated":true}]}}